{"id":960,"date":"2023-01-16T18:31:32","date_gmt":"2023-01-16T18:31:32","guid":{"rendered":"https:\/\/chileangrapegroup.com\/?page_id=960"},"modified":"2024-04-29T17:00:56","modified_gmt":"2024-04-29T17:00:56","slug":"sustentabilidad-2","status":"publish","type":"page","link":"https:\/\/chileangrapegroup.com\/en\/sustentabilidad-2\/","title":{"rendered":"Sustainability"},"content":{"rendered":"We want to share with you the first Chilean Grape Group Sustainability Report, which includes part of the work carried out in recent years (2019-2021) at CGG in relation to environmental and community issues, but also work with our products, clients and collaborators.<\/p>\n<div class=\"container\">\n<div class=\"row\">\n<div class=\"col-6\"><img loading=\"lazy\" decoding=\"async\" class=\"img-fluid\" src=\"https:\/\/chileangrapegroup.com\/wp-content\/uploads\/2023\/01\/sustentabilidad-2021.jpg\" alt=\"\" width=\"840\" height=\"486\" \/><\/div>\n<div class=\"col-6\">\n<h4>DOWNLOAD OUR SUSTAINABILITY REPORT HERE<\/h4>\n<p>We invite you to review our Chilean Grape Group Sustainability Report. A document that we have specially prepared to publicize our work in this important area.<\/p>\n<p><a class=\"btn btn-purple\" href=\"https:\/\/chileangrapegroup.com\/wp-content\/uploads\/2024\/04\/Morande_RS2022-eng.pdf\" target=\"_blank\" rel=\"noopener noreferrer\">READ REPORT<\/a><\/p>\n<\/div>\n<\/div>\n<\/div>\n<p>Morand\u00e9 Wine Group is a company of the Yarur Group, one of the 5 most important economic groups in Chile, with companies in the Banking and Financial, Insurance, Retail, Pharmaceutical, Agroindustrial and Livestock sectors, among others.<\/p>\n<p>At Morand\u00e9 Wine Group we have a diversified product portfolio, which allows us to offer comprehensive solutions to our customers and consumers. We participate in the Bottled Wine, RTD Juices, Concentrated and Single Strain Juices, Bulk Wine, Ingredients and Nutraceuticals businesses.<\/p>\n<p>Today, more than considering ourselves a Winery, we define ourselves as a Food company dedicated to the world of Grapes.<\/p>\n<div class=\"container\">\n<div class=\"row\">\n<div class=\"col-6\"><img loading=\"lazy\" decoding=\"async\" class=\"img-fluid\" src=\"https:\/\/chileangrapegroup.com\/wp-content\/uploads\/2023\/01\/3-3-250x350-1.jpg\" alt=\"\" width=\"250\" height=\"350\" \/><br \/>\n<strong>SUSTAINABLE MISSION<\/strong><\/p>\n<p>We seek to be a sustainable company that develops its activities achieving balance in the social, environmental and economic fields,<br \/>\nbeing essential the care for the environment in which we live and the efficiency in the use of natural resources.<\/p><\/div>\n<div class=\"col-6\"><img loading=\"lazy\" decoding=\"async\" class=\"img-fluid\" src=\"https:\/\/chileangrapegroup.com\/wp-content\/uploads\/2023\/01\/1-1-250x350-1.jpg\" alt=\"\" width=\"250\" height=\"350\" \/><br \/>\n<strong>SUSTAINABLE VISION<\/strong><\/p>\n<p>Be a reference both in our industry and for others in order to be more environmentally friendly companies.<\/p><\/div>\n<\/div>\n<\/div>\n<p>&lt;! \u2013\u2013container &#8211;&gt;<\/p>\n<div class=\"container\">\n<div class=\"row\">\n<div class=\"col-12\">MWG in the search to be a reference for industries in terms of sustainability, has as a fundamental pillar respect for the environment in order to ensure continuity in the business.<br \/>\nClimate change has been a relevant issue in recent years, which affects the global level, which is why for us it is essential to contribute to counteract this situation to an extent.<\/div>\n<\/div>\n<div class=\"col-12\"><strong>OBJECTIVES AND GOALS<\/strong><\/p>\n<p><img loading=\"lazy\" decoding=\"async\" class=\"img-fluid\" src=\"https:\/\/chileangrapegroup.com\/wp-content\/uploads\/2023\/01\/Obj-y-metas.jpg\" alt=\"\" width=\"1200\" height=\"600\" \/><\/p>\n<p><strong>SUSTAINABILITY CODE<\/strong><\/p>\n<p>The Sustainability Code is considered the cornerstone of the sustainability program of the Chilean wine industry. This establishes the sustainable practices that may exist in the various areas of production throughout the wine value chain. It identifies the needs of the wine sector in three areas: green area (vineyards), red area (winery) and orange area (community), understanding that sustainability is the convergence of environmentally friendly, socially equitable and economically viable production.<\/p>\n<\/div>\n<\/div>\n<p>&lt;! \u2013\u2013container &#8211;&gt;<\/p>\n<div class=\"container\">\n<div class=\"row\">\n<div class=\"col-6\"><strong>SUSTAINABLE MISSION<\/strong><\/p>\n<p>We are the first in Chile to be certified with the Sustainability Code in all its areas, since until 2012 it was only possible to be certified in the green area (vineyards). Our vineyards Morand\u00e9, Vistamar, Mancura, Fray Le\u00f3n and Tirazi\u0161 were the first in the industry to be fully certified, which reflects our commitment to sustainable development.<\/p><\/div>\n<div class=\"col-6\"><img loading=\"lazy\" decoding=\"async\" class=\"img-fluid\" src=\"https:\/\/chileangrapegroup.com\/wp-content\/uploads\/2023\/01\/Certified-Sustainable_logo-285x300-1.png\" alt=\"\" width=\"200\" height=\"215\" \/><\/p>\n<\/div>\n<\/div>\n<\/div>\n<p>&lt;! \u2013\u2013container &#8211;&gt;<\/p>\n<div class=\"container\">\n<div class=\"row\">\n<div class=\"col-12\">\n<p>MWG in its commitment to Sustainability participates in different initiatives through its business units.<\/p>\n<p><strong>Certificados:<\/strong><\/p>\n<div class=\"tabs\">\n<div class=\"tab-container\">\n<div id=\"tab2\" class=\"tab\"><a href=\"#tab2\">Ingles<\/a><\/p>\n<div class=\"tab-content\">\n<h2>Download the certificates<\/h2>\n<ul>\n<li><a href=\"https:\/\/morandewinegroup.cl\/site\/wp-content\/uploads\/2021\/03\/Certificado-Fray-Leon-ing.pdf\">Fray Leon Certificate<\/a><\/li>\n<li><a href=\"https:\/\/morandewinegroup.cl\/site\/wp-content\/uploads\/2021\/03\/Certificado-Morande-ing.pdf\">Morand\u00e9 Certificate<\/a><\/li>\n<li><a href=\"https:\/\/morandewinegroup.cl\/site\/wp-content\/uploads\/2021\/03\/Certificado-Vistamar-ing.pdf\"> Vistamar Certificate<\/a><\/li>\n<\/ul>\n<\/div>\n<\/div>\n<div id=\"tab1\" class=\"tab\"><a href=\"#tab1\">Espa\u00f1ol<\/a><\/p>\n<div class=\"tab-content\">\n<h2>Descarga los certificados<\/h2>\n<ul>\n<li><a href=\"https:\/\/morandewinegroup.cl\/site\/wp-content\/uploads\/2021\/01\/Politica_Sustentabilidad.pdf\">Politica Sustentabilidad<\/a><\/li>\n<li><a href=\"https:\/\/morandewinegroup.cl\/site\/wp-content\/uploads\/2021\/03\/Certificado-Fray-Leon-esp.pdf\">Certificado Fray Leon<\/a><\/li>\n<li><a href=\"https:\/\/morandewinegroup.cl\/site\/wp-content\/uploads\/2021\/01\/MORANDE.pdf\"> Huella de carbono Corporativa<\/a><\/li>\n<li><a href=\"https:\/\/morandewinegroup.cl\/site\/wp-content\/uploads\/2021\/03\/Certificado-Morande-esp.pdf\">Certificado Morande<\/a><\/li>\n<li><a href=\"https:\/\/morandewinegroup.cl\/site\/wp-content\/uploads\/2021\/04\/CodigoEticaCGG.pdf\">Codigo \u00c9tica<\/a><\/li>\n<li><a href=\"https:\/\/morandewinegroup.cl\/site\/wp-content\/uploads\/2021\/03\/Certificado-Vistamar-esp.pdf\"> Certificado Vistamar<\/a><\/li>\n<\/ul>\n<\/div>\n<\/div>\n<\/div>\n<\/div>\n<\/div>\n<\/div>\n<div class=\"col-12\"><strong> APL IV <\/strong><\/p>\n<p><img loading=\"lazy\" decoding=\"async\" class=\"img-fluid\" src=\"https:\/\/chileangrapegroup.com\/wp-content\/uploads\/2023\/01\/APL-IV2.jpg\" alt=\"\" width=\"1200\" height=\"600\" \/><\/p>\n<p><strong>SUSTAINABILITY CODE<\/strong><\/p>\n<p><img loading=\"lazy\" decoding=\"async\" class=\"img-fluid\" src=\"https:\/\/chileangrapegroup.com\/wp-content\/uploads\/2023\/01\/2Codigo_sust3.jpg\" alt=\"\" width=\"1200\" height=\"600\" \/><\/p>\n<p><strong>OTHER PRO-SUSTAINABILITY ACTIONS<\/strong><\/p>\n<p>MWG verifies its water and CO2 footprints, in order to calculate and thus manage the reduction or compensation of them, in this way we are responsible for significant environmental issues.<\/p>\n<p><img loading=\"lazy\" decoding=\"async\" class=\"img-fluid\" src=\"https:\/\/chileangrapegroup.com\/wp-content\/uploads\/2023\/01\/Otras_pro_sust3.jpg\" alt=\"\" width=\"1200\" height=\"600\" \/><\/p>\n<p><img loading=\"lazy\" decoding=\"async\" class=\"img-fluid\" src=\"https:\/\/chileangrapegroup.com\/wp-content\/uploads\/2023\/01\/2Otras_pro_sust.jpg\" alt=\"\" width=\"1200\" height=\"600\" \/><\/p>\n<p><strong>SOCIAL CYCLE<\/strong><\/p>\n<p>Our goal is to generate a link between the company and our environment in order to positively influence the development of the community.<\/p>\n<p><img loading=\"lazy\" decoding=\"async\" class=\"img-fluid\" src=\"https:\/\/chileangrapegroup.com\/wp-content\/uploads\/2023\/01\/Ciclo-social2.jpg\" alt=\"\" width=\"1200\" height=\"600\" \/><\/p>\n<p><strong>STAKEHOLDERS AND COMMUNITY<\/strong><\/p>\n<p>The social cycle includes within its structure the identification of stakeholders and community, in order to achieve the best responsibility and communication between all relevant parties.<\/p>\n<p><img loading=\"lazy\" decoding=\"async\" class=\"img-fluid\" src=\"https:\/\/chileangrapegroup.com\/wp-content\/uploads\/2023\/01\/Partes-interesadas-y-comunidad-1400_700.jpg\" alt=\"\" width=\"1200\" height=\"600\" \/><\/p>\n<p><strong>COLLABORATORS<\/strong><\/p>\n<p>Along with the faithful fulfillment of the tasks of each of our collaborators, what we expect from our people is that they act in accordance with our corporate values: Integrity &#8220;To be and to seem. Act with consequence, righteousness, honesty and justice.&#8221; Act in accordance with their own values and those of Chilean Grape Group, maintaining an honest and ethical conduct in any circumstance.<\/p>\n<p>Creativity: &#8220;Finding new ways, ideas or initiatives to obtain better solutions and results&#8221;.<\/p>\n<p>Excellency: &#8220;Doing things right the first time. There is always room for improvement, but we must strive to plan and execute in the best possible way.&#8221; It is the ability to carry out functions and responsibilities in accordance with quality standards. We permanently seek excellence in our management, through continuous self-evaluation and projection.<\/p>\n<p>Passion: &#8220;Enjoy what we do, transmitting and infecting others with our energy&#8221;. Passion allows us to create natural paths to goals and objectives, leading to exceptional products and service delivery.<\/p>\n<p>Respect: &#8220;We appreciate and value the qualities of all the people who make up CGG, our suppliers and customers, either for their knowledge, experience or value as people, as well as towards the standards and guidelines of our organization.<\/p>\n<p><strong>COMMUNITY ACTIONS<\/strong><\/p>\n<p>MWG in its approach to communities, participates in direct collaboration with some initiatives<\/p>\n<p><strong>CREABUS<\/strong><\/p>\n<p>Integration project with the children of the Pelequ\u00e9n School, which consists of works based on recycled and handicrafts. The workshop is carried out in an old bus restored by the company, which has the conditioning for the work of minors.<\/p>\n<p><img loading=\"lazy\" decoding=\"async\" class=\"img-fluid\" src=\"https:\/\/chileangrapegroup.com\/wp-content\/uploads\/2023\/01\/CREABUS_JPG.jpg\" alt=\"\" width=\"895\" height=\"317\" \/><\/p>\n<\/div>\n<\/div>\n<p>&lt;! \u2013\u2013container &#8211;&gt;","protected":false},"excerpt":{"rendered":"<p>We want to share with you the first Chilean Grape Group Sustainability Report, which includes part of the work carried out in recent years (2019-2021) at CGG in relation to environmental and community issues, but also work with our products, clients and collaborators. DOWNLOAD OUR SUSTAINABILITY REPORT HERE We invite you to review our Chilean &hellip; <\/p>\n<p class=\"link-more\"><a href=\"https:\/\/chileangrapegroup.com\/en\/sustentabilidad-2\/\" class=\"more-link\">Continue reading<span class=\"screen-reader-text\"> &#8220;Sustainability&#8221;<\/span><\/a><\/p>\n","protected":false},"author":1,"featured_media":0,"parent":0,"menu_order":0,"comment_status":"closed","ping_status":"closed","template":"","meta":{"footnotes":""},"class_list":["post-960","page","type-page","status-publish","hentry"],"acf":[],"_links":{"self":[{"href":"https:\/\/chileangrapegroup.com\/en\/wp-json\/wp\/v2\/pages\/960","targetHints":{"allow":["GET"]}}],"collection":[{"href":"https:\/\/chileangrapegroup.com\/en\/wp-json\/wp\/v2\/pages"}],"about":[{"href":"https:\/\/chileangrapegroup.com\/en\/wp-json\/wp\/v2\/types\/page"}],"author":[{"embeddable":true,"href":"https:\/\/chileangrapegroup.com\/en\/wp-json\/wp\/v2\/users\/1"}],"replies":[{"embeddable":true,"href":"https:\/\/chileangrapegroup.com\/en\/wp-json\/wp\/v2\/comments?post=960"}],"version-history":[{"count":8,"href":"https:\/\/chileangrapegroup.com\/en\/wp-json\/wp\/v2\/pages\/960\/revisions"}],"predecessor-version":[{"id":1042,"href":"https:\/\/chileangrapegroup.com\/en\/wp-json\/wp\/v2\/pages\/960\/revisions\/1042"}],"wp:attachment":[{"href":"https:\/\/chileangrapegroup.com\/en\/wp-json\/wp\/v2\/media?parent=960"}],"curies":[{"name":"wp","href":"https:\/\/api.w.org\/{rel}","templated":true}]}}